{"id":6705,"date":"2021-02-10T16:49:36","date_gmt":"2021-02-10T15:49:36","guid":{"rendered":"https:\/\/jet.chemin-neuf.fr\/jetnews-ile-maurice\/"},"modified":"2023-01-27T09:55:49","modified_gmt":"2023-01-27T08:55:49","slug":"jetnews-mauritius","status":"publish","type":"page","link":"https:\/\/jet.chemin-neuf.fr\/en\/jetnews-mauritius\/","title":{"rendered":"JET&#8217;News Mauritius"},"content":{"rendered":"<h1>JET&#8217;News Mauritius<\/h1>\n<ul>\n<li>\n<p>        <img decoding=\"async\" src=\"\/wp-content\/uploads\/2022\/01\/21-12_Charlotte-R_Maurice_2-scaled.jpg\" alt=\"\"><\/p>\n<h3>Charlotte &#8211; dec 2021<\/h3>\n<p>Charlotte &#8211; dec 2021<\/p>\n<p><a href=\"\/wp-content\/uploads\/2022\/01\/JETnews-N%C2%B05-Dec-2021-Charlotte-R.pdf\"><\/a><\/p>\n<\/li>\n<li>\n<p>        <img decoding=\"async\" src=\"\/wp-content\/uploads\/2021\/07\/Charlotte-MU-Juillet-2021-2-scaled.jpg\" alt=\"\"><\/p>\n<h3>Charlotte &#8211; Jully 2021<\/h3>\n<p>Charlotte &#8211; Jully 2021<\/p>\n<p><a href=\"https:\/\/jet.chemin-neuf.fr\/wp-content\/uploads\/2021\/07\/JETNews-n\u00b05-Juillet-2021-Charlotte-ROY.pdf\"><\/a><\/p>\n<\/li>\n<li>\n<p>        <img decoding=\"async\" src=\"\/wp-content\/uploads\/2021\/04\/Charlotte-MU-Avril-2021-2.jpeg\" alt=\"\"><\/p>\n<h3>Charlotte &#8211; Avril 2021<\/h3>\n<p>Charlotte &#8211; Avril 2021<\/p>\n<p><a href=\"https:\/\/jet.chemin-neuf.fr\/wp-content\/uploads\/2021\/04\/JETNews-n\u00b04-Avril-2021-Charlotte-ROY.pdf\"><\/a><\/p>\n<\/li>\n<li>\n<p>        <img decoding=\"async\" src=\"\/wp-content\/uploads\/2021\/03\/Charlotte-MU-Fevrier-2021.jpeg\" alt=\"\"><\/p>\n<h3>Charlotte &#8211; F\u00e9v 2021<\/h3>\n<p>Charlotte &#8211; F\u00e9v 2021<\/p>\n<p><a href=\"https:\/\/jet.chemin-neuf.fr\/wp-content\/uploads\/2021\/03\/JETNews-n\u00b03-Mars-2021-Charlotte-ROY_sans-nom.pdf\"><\/a><\/p>\n<\/li>\n<li>\n<p>        <img decoding=\"async\" src=\"https:\/\/jet.chemin-neuf.fr\/wp-content\/uploads\/2021\/01\/Adeline-MU-Mai-2019.jpg\" alt=\"\"><\/p>\n<h3>F\u00e9licie &#8211; Mai 2019<\/h3>\n<p>F\u00e9licie &#8211; Mai 2019<\/p>\n<p><a href=\"https:\/\/jet.chemin-neuf.fr\/wp-content\/uploads\/2021\/01\/2019-05-JET-New-2-_-Miss-Miss-a-Riviere-Noire-adeline-fernandes-.pdf\"><\/a><\/p>\n<\/li>\n<li>\n<p>        <img decoding=\"async\" src=\"\/wp-content\/uploads\/2021\/01\/Adeline-MU-Avril-2019.jpg\" alt=\"\"><\/p>\n<h3>Adeline &#8211; Avril 2019<\/h3>\n<p>Adeline &#8211; Avril 2019<\/p>\n<p><a href=\"https:\/\/jet.chemin-neuf.fr\/wp-content\/uploads\/2021\/01\/2019-04-Jet-News-1-_-Une-petite-carte-postale-venue-de-Maurice-Adeline-fernandes.pdf\"><\/a><\/p>\n<\/li>\n<li>\n<p>        <img decoding=\"async\" src=\"\/wp-content\/uploads\/2021\/01\/Felicie-MU-Juin-2016.jpg\" alt=\"\"><\/p>\n<h3>F\u00e9licie &#8211; Juin 2017<\/h3>\n<p>F\u00e9licie &#8211; Juin 2017<\/p>\n<p><a href=\"https:\/\/jet.chemin-neuf.fr\/wp-content\/uploads\/2021\/01\/2017-06-JETNews-n\u00b06-Felicie-DELCROIX.pdf\"><\/a><\/p>\n<\/li>\n<li>\n<p>        <img decoding=\"async\" src=\"\/wp-content\/uploads\/2021\/01\/Felicie-MU-Novembre-2016-1.jpg\" alt=\"\"><\/p>\n<h3>F\u00e9licie &#8211; Mai 2017<\/h3>\n<p>F\u00e9licie &#8211; Mai 2017<\/p>\n<p><a href=\"https:\/\/jet.chemin-neuf.fr\/wp-content\/uploads\/2021\/01\/2017-05-JETNews-n\u00b05-Felicie-DELCROIX.pdf\"><\/a><\/p>\n<\/li>\n<li>\n<p>        <img decoding=\"async\" src=\"\/wp-content\/uploads\/2021\/01\/Felicie-MU-Mars-2016-2.jpg\" alt=\"\"><\/p>\n<h3>F\u00e9licie &#8211; Mars 2017<\/h3>\n<p>F\u00e9licie &#8211; Mars 2017<\/p>\n<p><a href=\"https:\/\/jet.chemin-neuf.fr\/wp-content\/uploads\/2021\/01\/2017-03-JETNews-n\u00b04-Felicie-DELCROIX-2.pdf\"><\/a><\/p>\n<\/li>\n<li>\n<p>        <img decoding=\"async\" src=\"\/wp-content\/uploads\/2021\/01\/Felicie-MU-Janvier-2016-3.jpg\" alt=\"\"><\/p>\n<h3>F\u00e9licie &#8211; F\u00e9v 2017<\/h3>\n<p>F\u00e9licie &#8211; F\u00e9v 2017<\/p>\n<p><a href=\"https:\/\/jet.chemin-neuf.fr\/wp-content\/uploads\/2021\/01\/2017-02-JETNews-n\u00b03-Felicie-DELCROIX-2.pdf\"><\/a><\/p>\n<\/li>\n<li>\n<p>        <img decoding=\"async\" src=\"\/wp-content\/uploads\/2021\/02\/Felicie-MU-Janvier-2016.jpg\" alt=\"\"><\/p>\n<h3>F\u00e9licie &#8211; Janv 2017<\/h3>\n<p>F\u00e9licie &#8211; Janv 2017<\/p>\n<p><a href=\"https:\/\/jet.chemin-neuf.fr\/wp-content\/uploads\/2021\/01\/2017-01-JETNews-n\u00b02-Felicie-DELCROIX.pdf\"><\/a><\/p>\n<\/li>\n<li>\n<p>        <img decoding=\"async\" src=\"\/wp-content\/uploads\/2021\/02\/Anne-Ile-Maurice-Decembre-2016.jpg\" alt=\"\"><\/p>\n<h3>Anne &#8211; D\u00e9c 2016<\/h3>\n<p>Anne &#8211; D\u00e9c 2016<\/p>\n<p><a href=\"https:\/\/jet.chemin-neuf.fr\/wp-content\/uploads\/2021\/01\/2016-12-JETNews-n\u00b09-Anne-COUTAND.pdf\"><\/a><\/p>\n<\/li>\n<\/ul>\n<p><!--more--><br \/>\n<!-- {\"type\":\"layout\",\"children\":[{\"type\":\"section\",\"props\":{\"style\":\"default\",\"width\":\"xlarge\",\"vertical_align\":\"middle\",\"title_position\":\"top-left\",\"title_rotation\":\"left\",\"title_breakpoint\":\"xl\",\"image_position\":\"center-center\",\"image\":\"wp-content\\\/uploads\\\/2021\\\/01\\\/maurice-intro-scaled.jpg\",\"text_color\":\"light\",\"height\":\"percent\"},\"children\":[{\"type\":\"row\",\"children\":[{\"type\":\"column\",\"props\":{\"image_position\":\"center-center\",\"media_overlay_gradient\":\"\"},\"children\":[{\"type\":\"headline\",\"props\":{\"title_element\":\"h1\",\"content\":\"JET'News Mauritius\",\"title_style\":\"heading-large\",\"margin_remove_top\":true,\"text_align\":\"center\"}}]}]}]},{\"type\":\"section\",\"props\":{\"style\":\"secondary\",\"width\":\"default\",\"vertical_align\":\"middle\",\"title_position\":\"top-left\",\"title_rotation\":\"left\",\"title_breakpoint\":\"xl\",\"image_position\":\"center-center\",\"padding\":\"small\"},\"children\":[{\"type\":\"row\",\"children\":[{\"type\":\"column\",\"props\":{\"image_position\":\"center-center\",\"media_overlay_gradient\":\"\"},\"children\":[{\"type\":\"gallery\",\"props\":{\"show_title\":false,\"show_meta\":true,\"show_content\":true,\"show_link\":true,\"show_hover_image\":true,\"grid_default\":\"2\",\"grid_medium\":\"6\",\"filter_style\":\"tab\",\"filter_all\":true,\"filter_position\":\"top\",\"filter_align\":\"left\",\"filter_grid_width\":\"auto\",\"filter_grid_breakpoint\":\"m\",\"overlay_mode\":\"caption\",\"overlay_hover\":false,\"overlay_style\":\"tile-muted\",\"text_color\":\"light\",\"overlay_position\":\"bottom\",\"overlay_transition\":\"fade\",\"title_hover_style\":\"reset\",\"title_element\":\"h3\",\"meta_style\":\"meta\",\"meta_align\":\"below-title\",\"meta_element\":\"div\",\"link_text\":\"\",\"link_style\":\"default\",\"text_align\":\"center\",\"margin\":\"default\",\"item_animation\":true,\"grid_column_gap\":\"medium\",\"grid_row_gap\":\"medium\",\"overlay_padding\":\"small\",\"overlay_link\":true,\"image_width\":\"243\",\"image_height\":\"289\",\"link_target\":true},\"children\":[{\"type\":\"gallery_item\",\"props\":{\"image\":\"wp-content\\\/uploads\\\/2022\\\/01\\\/21-12_Charlotte-R_Maurice_2-scaled.jpg\",\"title\":\"Charlotte - dec 2021\",\"meta\":\"Charlotte - dec 2021\",\"link\":\"wp-content\\\/uploads\\\/2022\\\/01\\\/JETnews-N\\u00b05-Dec-2021-Charlotte-R.pdf\"}},{\"type\":\"gallery_item\",\"props\":{\"image\":\"wp-content\\\/uploads\\\/2021\\\/07\\\/Charlotte-MU-Juillet-2021-2-scaled.jpg\",\"title\":\"Charlotte - Jully 2021\",\"meta\":\"Charlotte - Jully 2021\",\"link\":\"https:\\\/\\\/jet.chemin-neuf.fr\\\/wp-content\\\/uploads\\\/2021\\\/07\\\/JETNews-n\\u00b05-Juillet-2021-Charlotte-ROY.pdf\"}},{\"type\":\"gallery_item\",\"props\":{\"image\":\"wp-content\\\/uploads\\\/2021\\\/04\\\/Charlotte-MU-Avril-2021-2.jpeg\",\"title\":\"Charlotte - Avril 2021\",\"meta\":\"Charlotte - Avril 2021\",\"link\":\"https:\\\/\\\/jet.chemin-neuf.fr\\\/wp-content\\\/uploads\\\/2021\\\/04\\\/JETNews-n\\u00b04-Avril-2021-Charlotte-ROY.pdf\"}},{\"type\":\"gallery_item\",\"props\":{\"image\":\"wp-content\\\/uploads\\\/2021\\\/03\\\/Charlotte-MU-Fevrier-2021.jpeg\",\"title\":\"Charlotte - F\\u00e9v 2021\",\"meta\":\"Charlotte - F\\u00e9v 2021\",\"link\":\"https:\\\/\\\/jet.chemin-neuf.fr\\\/wp-content\\\/uploads\\\/2021\\\/03\\\/JETNews-n\\u00b03-Mars-2021-Charlotte-ROY_sans-nom.pdf\"}},{\"type\":\"gallery_item\",\"props\":{\"image\":\"https:\\\/\\\/jet.chemin-neuf.fr\\\/wp-content\\\/uploads\\\/2021\\\/01\\\/Adeline-MU-Mai-2019.jpg\",\"title\":\"F\\u00e9licie - Mai 2019\",\"meta\":\"F\\u00e9licie - Mai 2019\",\"link\":\"https:\\\/\\\/jet.chemin-neuf.fr\\\/wp-content\\\/uploads\\\/2021\\\/01\\\/2019-05-JET-New-2-_-Miss-Miss-a-Riviere-Noire-adeline-fernandes-.pdf\"}},{\"type\":\"gallery_item\",\"props\":{\"image\":\"wp-content\\\/uploads\\\/2021\\\/01\\\/Adeline-MU-Avril-2019.jpg\",\"title\":\"Adeline - Avril 2019\",\"meta\":\"Adeline - Avril 2019\",\"link\":\"https:\\\/\\\/jet.chemin-neuf.fr\\\/wp-content\\\/uploads\\\/2021\\\/01\\\/2019-04-Jet-News-1-_-Une-petite-carte-postale-venue-de-Maurice-Adeline-fernandes.pdf\"}},{\"type\":\"gallery_item\",\"props\":{\"image\":\"wp-content\\\/uploads\\\/2021\\\/01\\\/Felicie-MU-Juin-2016.jpg\",\"title\":\"F\\u00e9licie - Juin 2017\",\"meta\":\"F\\u00e9licie - Juin 2017\",\"link\":\"https:\\\/\\\/jet.chemin-neuf.fr\\\/wp-content\\\/uploads\\\/2021\\\/01\\\/2017-06-JETNews-n\\u00b06-Felicie-DELCROIX.pdf\"}},{\"type\":\"gallery_item\",\"props\":{\"image\":\"wp-content\\\/uploads\\\/2021\\\/01\\\/Felicie-MU-Novembre-2016-1.jpg\",\"title\":\"F\\u00e9licie - Mai 2017\",\"meta\":\"F\\u00e9licie - Mai 2017\",\"link\":\"https:\\\/\\\/jet.chemin-neuf.fr\\\/wp-content\\\/uploads\\\/2021\\\/01\\\/2017-05-JETNews-n\\u00b05-Felicie-DELCROIX.pdf\"}},{\"type\":\"gallery_item\",\"props\":{\"image\":\"wp-content\\\/uploads\\\/2021\\\/01\\\/Felicie-MU-Mars-2016-2.jpg\",\"title\":\"F\\u00e9licie - Mars 2017\",\"meta\":\"F\\u00e9licie - Mars 2017\",\"link\":\"https:\\\/\\\/jet.chemin-neuf.fr\\\/wp-content\\\/uploads\\\/2021\\\/01\\\/2017-03-JETNews-n\\u00b04-Felicie-DELCROIX-2.pdf\"}},{\"type\":\"gallery_item\",\"props\":{\"image\":\"wp-content\\\/uploads\\\/2021\\\/01\\\/Felicie-MU-Janvier-2016-3.jpg\",\"title\":\"F\\u00e9licie - F\\u00e9v 2017\",\"meta\":\"F\\u00e9licie - F\\u00e9v 2017\",\"link\":\"https:\\\/\\\/jet.chemin-neuf.fr\\\/wp-content\\\/uploads\\\/2021\\\/01\\\/2017-02-JETNews-n\\u00b03-Felicie-DELCROIX-2.pdf\"}},{\"type\":\"gallery_item\",\"props\":{\"image\":\"wp-content\\\/uploads\\\/2021\\\/02\\\/Felicie-MU-Janvier-2016.jpg\",\"title\":\"F\\u00e9licie - Janv 2017\",\"meta\":\"F\\u00e9licie - Janv 2017\",\"link\":\"https:\\\/\\\/jet.chemin-neuf.fr\\\/wp-content\\\/uploads\\\/2021\\\/01\\\/2017-01-JETNews-n\\u00b02-Felicie-DELCROIX.pdf\"}},{\"type\":\"gallery_item\",\"props\":{\"image\":\"wp-content\\\/uploads\\\/2021\\\/02\\\/Anne-Ile-Maurice-Decembre-2016.jpg\",\"title\":\"Anne - D\\u00e9c 2016\",\"meta\":\"Anne - D\\u00e9c 2016\",\"link\":\"https:\\\/\\\/jet.chemin-neuf.fr\\\/wp-content\\\/uploads\\\/2021\\\/01\\\/2016-12-JETNews-n\\u00b09-Anne-COUTAND.pdf\"}}]}]}]}]}],\"version\":\"2.5.10\"} --><\/p>\n","protected":false},"excerpt":{"rendered":"<p>JET&#8217;News Mauritius Charlotte &#8211; dec 2021 Charlotte &#8211; dec 2021 Charlotte &#8211; Jully 2021 Charlotte &#8211; Jully 2021 Charlotte &#8211; Avril 2021 Charlotte &#8211; Avril 2021 Charlotte &#8211; F\u00e9v 2021 Charlotte &#8211; F\u00e9v 2021 F\u00e9licie &#8211; Mai 2019 F\u00e9licie &#8211; Mai 2019 Adeline &#8211; Avril 2019 Adeline &#8211; Avril 2019 F\u00e9licie &#8211; Juin 2017 F\u00e9licie [&hellip;]<\/p>\n","protected":false},"author":12,"featured_media":5947,"parent":0,"menu_order":0,"comment_status":"closed","ping_status":"closed","template":"","meta":{"_acf_changed":false,"footnotes":""},"class_list":["post-6705","page","type-page","status-publish","has-post-thumbnail","hentry"],"acf":[],"yoast_head":"<!-- This site is optimized with the Yoast SEO plugin v26.8 - https:\/\/yoast.com\/product\/yoast-seo-wordpress\/ -->\n<title>JET&#039;News Mauritius - JET - Jeunes \u00e0 l&#039;\u00e9tranger<\/title>\n<meta name=\"description\" content=\"Testimonies from JET on architecture and project supervision missions.\" \/>\n<meta name=\"robots\" content=\"index, follow, max-snippet:-1, max-image-preview:large, max-video-preview:-1\" \/>\n<link rel=\"canonical\" href=\"https:\/\/jet.chemin-neuf.fr\/en\/jetnews-mauritius\/\" \/>\n<meta property=\"og:locale\" content=\"en_US\" \/>\n<meta property=\"og:type\" content=\"article\" \/>\n<meta property=\"og:title\" content=\"JET&#039;News Mauritius - JET - Jeunes \u00e0 l&#039;\u00e9tranger\" \/>\n<meta property=\"og:description\" content=\"Testimonies from JET on architecture and project supervision missions.\" \/>\n<meta property=\"og:url\" content=\"https:\/\/jet.chemin-neuf.fr\/en\/jetnews-mauritius\/\" \/>\n<meta property=\"og:site_name\" content=\"JET - Jeunes \u00e0 l&#039;\u00e9tranger\" \/>\n<meta property=\"article:modified_time\" content=\"2023-01-27T08:55:49+00:00\" \/>\n<meta property=\"og:image\" content=\"https:\/\/jet.chemin-neuf.fr\/wp-content\/uploads\/2021\/01\/Maurice5-scaled-1.jpg\" \/>\n\t<meta property=\"og:image:width\" content=\"2560\" \/>\n\t<meta property=\"og:image:height\" content=\"1920\" \/>\n\t<meta property=\"og:image:type\" content=\"image\/jpeg\" \/>\n<meta name=\"twitter:card\" content=\"summary_large_image\" \/>\n<script type=\"application\/ld+json\" class=\"yoast-schema-graph\">{\"@context\":\"https:\/\/schema.org\",\"@graph\":[{\"@type\":\"WebPage\",\"@id\":\"https:\/\/jet.chemin-neuf.fr\/en\/jetnews-mauritius\/\",\"url\":\"https:\/\/jet.chemin-neuf.fr\/en\/jetnews-mauritius\/\",\"name\":\"JET'News Mauritius - JET - Jeunes \u00e0 l&#039;\u00e9tranger\",\"isPartOf\":{\"@id\":\"https:\/\/jet.chemin-neuf.fr\/en\/#website\"},\"primaryImageOfPage\":{\"@id\":\"https:\/\/jet.chemin-neuf.fr\/en\/jetnews-mauritius\/#primaryimage\"},\"image\":{\"@id\":\"https:\/\/jet.chemin-neuf.fr\/en\/jetnews-mauritius\/#primaryimage\"},\"thumbnailUrl\":\"https:\/\/jet.chemin-neuf.fr\/wp-content\/uploads\/2021\/01\/Maurice5-scaled-1.jpg\",\"datePublished\":\"2021-02-10T15:49:36+00:00\",\"dateModified\":\"2023-01-27T08:55:49+00:00\",\"description\":\"Testimonies from JET on architecture and project supervision missions.\",\"breadcrumb\":{\"@id\":\"https:\/\/jet.chemin-neuf.fr\/en\/jetnews-mauritius\/#breadcrumb\"},\"inLanguage\":\"en-US\",\"potentialAction\":[{\"@type\":\"ReadAction\",\"target\":[\"https:\/\/jet.chemin-neuf.fr\/en\/jetnews-mauritius\/\"]}]},{\"@type\":\"ImageObject\",\"inLanguage\":\"en-US\",\"@id\":\"https:\/\/jet.chemin-neuf.fr\/en\/jetnews-mauritius\/#primaryimage\",\"url\":\"https:\/\/jet.chemin-neuf.fr\/wp-content\/uploads\/2021\/01\/Maurice5-scaled-1.jpg\",\"contentUrl\":\"https:\/\/jet.chemin-neuf.fr\/wp-content\/uploads\/2021\/01\/Maurice5-scaled-1.jpg\",\"width\":2560,\"height\":1920},{\"@type\":\"BreadcrumbList\",\"@id\":\"https:\/\/jet.chemin-neuf.fr\/en\/jetnews-mauritius\/#breadcrumb\",\"itemListElement\":[{\"@type\":\"ListItem\",\"position\":1,\"name\":\"Accueil\",\"item\":\"https:\/\/jet.chemin-neuf.fr\/en\/getting-started\/\"},{\"@type\":\"ListItem\",\"position\":2,\"name\":\"JET&rsquo;News Mauritius\"}]},{\"@type\":\"WebSite\",\"@id\":\"https:\/\/jet.chemin-neuf.fr\/en\/#website\",\"url\":\"https:\/\/jet.chemin-neuf.fr\/en\/\",\"name\":\"JET - Jeunes \u00e0 l&#039;\u00e9tranger\",\"description\":\"\",\"potentialAction\":[{\"@type\":\"SearchAction\",\"target\":{\"@type\":\"EntryPoint\",\"urlTemplate\":\"https:\/\/jet.chemin-neuf.fr\/en\/?s={search_term_string}\"},\"query-input\":{\"@type\":\"PropertyValueSpecification\",\"valueRequired\":true,\"valueName\":\"search_term_string\"}}],\"inLanguage\":\"en-US\"}]}<\/script>\n<!-- \/ Yoast SEO plugin. -->","yoast_head_json":{"title":"JET'News Mauritius - JET - Jeunes \u00e0 l&#039;\u00e9tranger","description":"Testimonies from JET on architecture and project supervision missions.","robots":{"index":"index","follow":"follow","max-snippet":"max-snippet:-1","max-image-preview":"max-image-preview:large","max-video-preview":"max-video-preview:-1"},"canonical":"https:\/\/jet.chemin-neuf.fr\/en\/jetnews-mauritius\/","og_locale":"en_US","og_type":"article","og_title":"JET'News Mauritius - JET - Jeunes \u00e0 l&#039;\u00e9tranger","og_description":"Testimonies from JET on architecture and project supervision missions.","og_url":"https:\/\/jet.chemin-neuf.fr\/en\/jetnews-mauritius\/","og_site_name":"JET - Jeunes \u00e0 l&#039;\u00e9tranger","article_modified_time":"2023-01-27T08:55:49+00:00","og_image":[{"width":2560,"height":1920,"url":"https:\/\/jet.chemin-neuf.fr\/wp-content\/uploads\/2021\/01\/Maurice5-scaled-1.jpg","type":"image\/jpeg"}],"twitter_card":"summary_large_image","schema":{"@context":"https:\/\/schema.org","@graph":[{"@type":"WebPage","@id":"https:\/\/jet.chemin-neuf.fr\/en\/jetnews-mauritius\/","url":"https:\/\/jet.chemin-neuf.fr\/en\/jetnews-mauritius\/","name":"JET'News Mauritius - JET - Jeunes \u00e0 l&#039;\u00e9tranger","isPartOf":{"@id":"https:\/\/jet.chemin-neuf.fr\/en\/#website"},"primaryImageOfPage":{"@id":"https:\/\/jet.chemin-neuf.fr\/en\/jetnews-mauritius\/#primaryimage"},"image":{"@id":"https:\/\/jet.chemin-neuf.fr\/en\/jetnews-mauritius\/#primaryimage"},"thumbnailUrl":"https:\/\/jet.chemin-neuf.fr\/wp-content\/uploads\/2021\/01\/Maurice5-scaled-1.jpg","datePublished":"2021-02-10T15:49:36+00:00","dateModified":"2023-01-27T08:55:49+00:00","description":"Testimonies from JET on architecture and project supervision missions.","breadcrumb":{"@id":"https:\/\/jet.chemin-neuf.fr\/en\/jetnews-mauritius\/#breadcrumb"},"inLanguage":"en-US","potentialAction":[{"@type":"ReadAction","target":["https:\/\/jet.chemin-neuf.fr\/en\/jetnews-mauritius\/"]}]},{"@type":"ImageObject","inLanguage":"en-US","@id":"https:\/\/jet.chemin-neuf.fr\/en\/jetnews-mauritius\/#primaryimage","url":"https:\/\/jet.chemin-neuf.fr\/wp-content\/uploads\/2021\/01\/Maurice5-scaled-1.jpg","contentUrl":"https:\/\/jet.chemin-neuf.fr\/wp-content\/uploads\/2021\/01\/Maurice5-scaled-1.jpg","width":2560,"height":1920},{"@type":"BreadcrumbList","@id":"https:\/\/jet.chemin-neuf.fr\/en\/jetnews-mauritius\/#breadcrumb","itemListElement":[{"@type":"ListItem","position":1,"name":"Accueil","item":"https:\/\/jet.chemin-neuf.fr\/en\/getting-started\/"},{"@type":"ListItem","position":2,"name":"JET&rsquo;News Mauritius"}]},{"@type":"WebSite","@id":"https:\/\/jet.chemin-neuf.fr\/en\/#website","url":"https:\/\/jet.chemin-neuf.fr\/en\/","name":"JET - Jeunes \u00e0 l&#039;\u00e9tranger","description":"","potentialAction":[{"@type":"SearchAction","target":{"@type":"EntryPoint","urlTemplate":"https:\/\/jet.chemin-neuf.fr\/en\/?s={search_term_string}"},"query-input":{"@type":"PropertyValueSpecification","valueRequired":true,"valueName":"search_term_string"}}],"inLanguage":"en-US"}]}},"_links":{"self":[{"href":"https:\/\/jet.chemin-neuf.fr\/en\/wp-json\/wp\/v2\/pages\/6705","targetHints":{"allow":["GET"]}}],"collection":[{"href":"https:\/\/jet.chemin-neuf.fr\/en\/wp-json\/wp\/v2\/pages"}],"about":[{"href":"https:\/\/jet.chemin-neuf.fr\/en\/wp-json\/wp\/v2\/types\/page"}],"author":[{"embeddable":true,"href":"https:\/\/jet.chemin-neuf.fr\/en\/wp-json\/wp\/v2\/users\/12"}],"replies":[{"embeddable":true,"href":"https:\/\/jet.chemin-neuf.fr\/en\/wp-json\/wp\/v2\/comments?post=6705"}],"version-history":[{"count":5,"href":"https:\/\/jet.chemin-neuf.fr\/en\/wp-json\/wp\/v2\/pages\/6705\/revisions"}],"predecessor-version":[{"id":12739,"href":"https:\/\/jet.chemin-neuf.fr\/en\/wp-json\/wp\/v2\/pages\/6705\/revisions\/12739"}],"wp:featuredmedia":[{"embeddable":true,"href":"https:\/\/jet.chemin-neuf.fr\/en\/wp-json\/wp\/v2\/media\/5947"}],"wp:attachment":[{"href":"https:\/\/jet.chemin-neuf.fr\/en\/wp-json\/wp\/v2\/media?parent=6705"}],"curies":[{"name":"wp","href":"https:\/\/api.w.org\/{rel}","templated":true}]}}